{"id":753,"date":"2025-06-14T02:53:37","date_gmt":"2025-06-14T02:53:37","guid":{"rendered":"https:\/\/creditoup.com\/?page_id=753"},"modified":"2025-06-14T02:55:06","modified_gmt":"2025-06-14T02:55:06","slug":"contacto","status":"publish","type":"page","link":"https:\/\/creditoup.com\/en\/contacto\/","title":{"rendered":"Contacto"},"content":{"rendered":"<div data-elementor-type=\"wp-page\" data-elementor-id=\"753\" class=\"elementor elementor-753\">\n\t\t\t\t<div class=\"elementor-element elementor-element-cc135bf e-con-full e-flex wpr-particle-no wpr-jarallax-no wpr-parallax-no wpr-sticky-section-no wpr-equal-height-no e-con e-parent\" data-id=\"cc135bf\" data-element_type=\"container\" data-e-type=\"container\">\n\t\t<div class=\"elementor-element elementor-element-43390af e-con-full e-flex wpr-particle-no wpr-jarallax-no wpr-parallax-no wpr-sticky-section-no wpr-equal-height-no e-con e-child\" data-id=\"43390af\" data-element_type=\"container\" data-e-type=\"container\">\n\t\t\t\t<div class=\"elementor-element elementor-element-ce65248 elementor-widget elementor-widget-text-editor\" data-id=\"ce65248\" data-element_type=\"widget\" data-e-type=\"widget\" data-widget_type=\"text-editor.default\">\n\t\t\t\t<div class=\"elementor-widget-container\">\n\t\t\t\t\t\t\t\t\t<p data-start=\"163\" data-end=\"346\"><span style=\"color: #000000;\"><strong data-start=\"163\" data-end=\"185\">Let\u2019s get started!<\/strong><\/span><\/p><p data-start=\"163\" data-end=\"346\" class=\"translation-block\"><br data-start=\"185\" data-end=\"188\">\n<span style=\"color: #000000\">\nOne of our <strong data-start=\"222\" data-end=\"235\">CreditoUp<\/strong> representatives will contact you shortly to provide you with the best recommendation to repair your credit history.\n<\/span><\/p><p data-start=\"350\" data-end=\"439\" class=\"translation-block\"><span style=\"color: #000000\">\u2705 The consultation is <strong data-start=\"367\" data-end=\"384\">100% free<\/strong><\/span><br data-start=\"384\" data-end=\"387\">\n<span style=\"color: #000000\">\u2705 Our service is <strong data-start=\"409\" data-end=\"439\">guaranteed and transparent<\/strong><\/span><\/p><p data-start=\"441\" data-end=\"518\"><span style=\"color: #000000;\"><strong data-start=\"441\" data-end=\"518\">At CreditoUp, your credit does have a solution. We\u2019re with you every step of the way.<\/strong><\/span><\/p>\t\t\t\t\t\t\t\t<\/div>\n\t\t\t\t<\/div>\n\t\t\t\t<\/div>\n\t\t<div class=\"elementor-element elementor-element-0e92810 e-con-full e-flex wpr-particle-no wpr-jarallax-no wpr-parallax-no wpr-sticky-section-no wpr-equal-height-no e-con e-child\" data-id=\"0e92810\" data-element_type=\"container\" data-e-type=\"container\">\n\t\t\t\t<div class=\"elementor-element elementor-element-71ecf16 elementor-widget__width-initial wpr-forms-align-left wpr-forms-submit-left elementor-widget elementor-widget-wpr-forms\" data-id=\"71ecf16\" data-element_type=\"widget\" data-e-type=\"widget\" data-widget_type=\"wpr-forms.default\">\n\t\t\t\t<div class=\"elementor-widget-container\">\n\t\t\t\t\t<div class=\"wpr-forms-container wpr-custom-chk-radio\"><div class=\"wpforms-container wpforms-container-full wpforms-render-modern\" id=\"wpforms-677\"><form id=\"wpforms-form-677\" class=\"wpforms-validate wpforms-form wpforms-ajax-form\" data-formid=\"677\" method=\"post\" enctype=\"multipart\/form-data\" action=\"\/en\/wp-json\/wp\/v2\/pages\/753\" data-token=\"bc26af1f2e2de7a015c41395124f91f0\" data-token-time=\"1777991912\" data-trp-original-action=\"\/en\/wp-json\/wp\/v2\/pages\/753\"><noscript class=\"wpforms-error-noscript\">Please enable JavaScript in your browser to complete this form.<\/noscript><div id=\"wpforms-error-noscript\" style=\"display: none;\">Please enable JavaScript in your browser to complete this form.<\/div><div class=\"wpforms-field-container\"><div id=\"wpforms-677-field_1-container\" class=\"wpforms-field wpforms-field-name\" data-field-id=\"1\"><label class=\"wpforms-field-label\" for=\"wpforms-677-field_1\">Name <span class=\"wpforms-required-label\" aria-hidden=\"true\">*<\/span><\/label><input type=\"text\" id=\"wpforms-677-field_1\" class=\"wpforms-field-medium wpforms-field-required\" name=\"wpforms[fields][1]\" aria-errormessage=\"wpforms-677-field_1-error\" required><\/div>\t\t<div id=\"wpforms-677-field_5-container\"\n\t\t\tclass=\"wpforms-field wpforms-field-text\"\n\t\t\tdata-field-type=\"text\"\n\t\t\tdata-field-id=\"5\"\n\t\t\t>\n\t\t\t<label class=\"wpforms-field-label\" for=\"wpforms-677-field_5\" >Mensaje Email Telefono<\/label>\n\t\t\t<input type=\"text\" id=\"wpforms-677-field_5\" class=\"wpforms-field-medium\" name=\"wpforms[fields][5]\" >\n\t\t<\/div>\n\t\t<div id=\"wpforms-677-field_2-container\" class=\"wpforms-field wpforms-field-email\" data-field-id=\"2\"><label class=\"wpforms-field-label\" for=\"wpforms-677-field_2\">Email <span class=\"wpforms-required-label\" aria-hidden=\"true\">*<\/span><\/label><input type=\"email\" id=\"wpforms-677-field_2\" class=\"wpforms-field-medium wpforms-field-required\" name=\"wpforms[fields][2]\" spellcheck=\"false\" aria-errormessage=\"wpforms-677-field_2-error\" required><\/div><div id=\"wpforms-677-field_4-container\" class=\"wpforms-field wpforms-field-number\" data-field-id=\"4\"><label class=\"wpforms-field-label\" for=\"wpforms-677-field_4\">Phone <span class=\"wpforms-required-label\" aria-hidden=\"true\">*<\/span><\/label><input type=\"number\" id=\"wpforms-677-field_4\" class=\"wpforms-field-medium wpforms-field-required\" name=\"wpforms[fields][4]\" step=\"any\" aria-errormessage=\"wpforms-677-field_4-error\" required><\/div><div id=\"wpforms-677-field_3-container\" class=\"wpforms-field wpforms-field-textarea\" data-field-id=\"3\"><label class=\"wpforms-field-label\" for=\"wpforms-677-field_3\">Message<\/label><textarea id=\"wpforms-677-field_3\" class=\"wpforms-field-medium\" name=\"wpforms[fields][3]\" aria-errormessage=\"wpforms-677-field_3-error\" ><\/textarea><\/div><script>\n\t\t\t\t( function() {\n\t\t\t\t\tconst style = document.createElement( 'style' );\n\t\t\t\t\tstyle.appendChild( document.createTextNode( '#wpforms-677-field_5-container { position: absolute !important; overflow: hidden !important; display: inline !important; height: 1px !important; width: 1px !important; z-index: -1000 !important; padding: 0 !important; } #wpforms-677-field_5-container input { visibility: hidden; } #wpforms-conversational-form-page #wpforms-677-field_5-container label { counter-increment: none; }' ) );\n\t\t\t\t\tdocument.head.appendChild( style );\n\t\t\t\t\tdocument.currentScript?.remove();\n\t\t\t\t} )();\n\t\t\t<\/script><\/div><!-- .wpforms-field-container --><div class=\"wpforms-submit-container\" ><input type=\"hidden\" name=\"wpforms[id]\" value=\"677\"><input type=\"hidden\" name=\"page_title\" value=\"\"><input type=\"hidden\" name=\"page_url\" value=\"https:\/\/creditoup.com\/en\/wp-json\/wp\/v2\/pages\/753\"><input type=\"hidden\" name=\"url_referer\" value=\"\"><button type=\"submit\" name=\"wpforms[submit]\" id=\"wpforms-submit-677\" class=\"wpforms-submit\" data-alt-text=\"Enviando...\" data-submit-text=\"Enviar\" aria-live=\"assertive\" value=\"wpforms-submit\">Send<\/button><img decoding=\"async\" src=\"https:\/\/creditoup.com\/wp-content\/plugins\/wpforms-lite\/assets\/images\/submit-spin.svg\" class=\"wpforms-submit-spinner\" style=\"display: none;\" width=\"26\" height=\"26\" alt=\"Loading\"><\/div><input type=\"hidden\" name=\"trp-form-language\" value=\"en\"\/><\/form><\/div>  <!-- .wpforms-container --><\/div>\t\t\t\t<\/div>\n\t\t\t\t<\/div>\n\t\t\t\t<\/div>\n\t\t\t\t<\/div>\n\t\t\t\t<\/div>","protected":false},"excerpt":{"rendered":"<p>\u00a1Vamos a comenzar! Uno de nuestros representantes de CreditoUp se comunicar\u00e1 contigo muy pronto para brindarte la mejor recomendaci\u00f3n para reparar tu historial crediticio. \u2705 La consulta es 100% gratuita\u2705 Nuestro servicio es garantizado y transparente En CreditoUp, tu cr\u00e9dito s\u00ed tiene soluci\u00f3n. Estamos contigo en cada paso. Please enable JavaScript in your browser to complete this form.Please enable JavaScript in your browser to complete this form.Nombre *Email *Telefono *Mensaje Enviar<\/p>","protected":false},"author":1,"featured_media":0,"parent":0,"menu_order":0,"comment_status":"closed","ping_status":"closed","template":"elementor_header_footer","meta":{"footnotes":""},"class_list":["post-753","page","type-page","status-publish","hentry"],"yoast_head":"<!-- This site is optimized with the Yoast SEO plugin v27.4 - https:\/\/yoast.com\/product\/yoast-seo-wordpress\/ -->\n<title>Contacto - creditoup.com<\/title>\n<meta name=\"robots\" content=\"index, follow, max-snippet:-1, max-image-preview:large, max-video-preview:-1\" \/>\n<link rel=\"canonical\" href=\"https:\/\/creditoup.com\/en\/contacto\/\" \/>\n<meta property=\"og:locale\" content=\"en_US\" \/>\n<meta property=\"og:type\" content=\"article\" \/>\n<meta property=\"og:title\" content=\"Contacto - creditoup.com\" \/>\n<meta property=\"og:description\" content=\"\u00a1Vamos a comenzar! Uno de nuestros representantes de CreditoUp se comunicar\u00e1 contigo muy pronto para brindarte la mejor recomendaci\u00f3n para reparar tu historial crediticio. \u2705 La consulta es 100% gratuita\u2705 Nuestro servicio es garantizado y transparente En CreditoUp, tu cr\u00e9dito s\u00ed tiene soluci\u00f3n. Estamos contigo en cada paso. Please enable JavaScript in your browser to complete this form.Please enable JavaScript in your browser to complete this form.Nombre *Email *Telefono *Mensaje Enviar\" \/>\n<meta property=\"og:url\" content=\"https:\/\/creditoup.com\/en\/contacto\/\" \/>\n<meta property=\"og:site_name\" content=\"creditoup.com\" \/>\n<meta property=\"article:publisher\" content=\"https:\/\/www.facebook.com\/profile.php?id=61577253561452\" \/>\n<meta property=\"article:modified_time\" content=\"2025-06-14T02:55:06+00:00\" \/>\n<meta property=\"og:image\" content=\"https:\/\/creditoup.com\/wp-content\/plugins\/wpforms-lite\/assets\/images\/submit-spin.svg\" \/>\n<meta name=\"twitter:card\" content=\"summary_large_image\" \/>\n<script type=\"application\/ld+json\" class=\"yoast-schema-graph\">{\"@context\":\"https:\\\/\\\/schema.org\",\"@graph\":[{\"@type\":\"WebPage\",\"@id\":\"https:\\\/\\\/creditoup.com\\\/contacto\\\/\",\"url\":\"https:\\\/\\\/creditoup.com\\\/contacto\\\/\",\"name\":\"Contacto - creditoup.com\",\"isPartOf\":{\"@id\":\"https:\\\/\\\/creditoup.com\\\/#website\"},\"primaryImageOfPage\":{\"@id\":\"https:\\\/\\\/creditoup.com\\\/contacto\\\/#primaryimage\"},\"image\":{\"@id\":\"https:\\\/\\\/creditoup.com\\\/contacto\\\/#primaryimage\"},\"thumbnailUrl\":\"https:\\\/\\\/creditoup.com\\\/wp-content\\\/plugins\\\/wpforms-lite\\\/assets\\\/images\\\/submit-spin.svg\",\"datePublished\":\"2025-06-14T02:53:37+00:00\",\"dateModified\":\"2025-06-14T02:55:06+00:00\",\"breadcrumb\":{\"@id\":\"https:\\\/\\\/creditoup.com\\\/contacto\\\/#breadcrumb\"},\"inLanguage\":\"en-US\",\"potentialAction\":[{\"@type\":\"ReadAction\",\"target\":[\"https:\\\/\\\/creditoup.com\\\/contacto\\\/\"]}]},{\"@type\":\"ImageObject\",\"inLanguage\":\"en-US\",\"@id\":\"https:\\\/\\\/creditoup.com\\\/contacto\\\/#primaryimage\",\"url\":\"https:\\\/\\\/creditoup.com\\\/wp-content\\\/plugins\\\/wpforms-lite\\\/assets\\\/images\\\/submit-spin.svg\",\"contentUrl\":\"https:\\\/\\\/creditoup.com\\\/wp-content\\\/plugins\\\/wpforms-lite\\\/assets\\\/images\\\/submit-spin.svg\"},{\"@type\":\"BreadcrumbList\",\"@id\":\"https:\\\/\\\/creditoup.com\\\/contacto\\\/#breadcrumb\",\"itemListElement\":[{\"@type\":\"ListItem\",\"position\":1,\"name\":\"Home\",\"item\":\"https:\\\/\\\/creditoup.com\\\/\"},{\"@type\":\"ListItem\",\"position\":2,\"name\":\"Contacto\"}]},{\"@type\":\"WebSite\",\"@id\":\"https:\\\/\\\/creditoup.com\\\/#website\",\"url\":\"https:\\\/\\\/creditoup.com\\\/\",\"name\":\"creditoup.com\",\"description\":\"Soluciones confiables para mejorar tu cr\u00e9dito con CreditoUp.\",\"publisher\":{\"@id\":\"https:\\\/\\\/creditoup.com\\\/#organization\"},\"potentialAction\":[{\"@type\":\"SearchAction\",\"target\":{\"@type\":\"EntryPoint\",\"urlTemplate\":\"https:\\\/\\\/creditoup.com\\\/?s={search_term_string}\"},\"query-input\":{\"@type\":\"PropertyValueSpecification\",\"valueRequired\":true,\"valueName\":\"search_term_string\"}}],\"inLanguage\":\"en-US\"},{\"@type\":\"Organization\",\"@id\":\"https:\\\/\\\/creditoup.com\\\/#organization\",\"name\":\"CreditoUp\",\"url\":\"https:\\\/\\\/creditoup.com\\\/\",\"logo\":{\"@type\":\"ImageObject\",\"inLanguage\":\"en-US\",\"@id\":\"https:\\\/\\\/creditoup.com\\\/#\\\/schema\\\/logo\\\/image\\\/\",\"url\":\"https:\\\/\\\/creditoup.com\\\/wp-content\\\/uploads\\\/2023\\\/07\\\/cropped-logo-png.png\",\"contentUrl\":\"https:\\\/\\\/creditoup.com\\\/wp-content\\\/uploads\\\/2023\\\/07\\\/cropped-logo-png.png\",\"width\":524,\"height\":535,\"caption\":\"CreditoUp\"},\"image\":{\"@id\":\"https:\\\/\\\/creditoup.com\\\/#\\\/schema\\\/logo\\\/image\\\/\"},\"sameAs\":[\"https:\\\/\\\/www.facebook.com\\\/profile.php?id=61577253561452\",\"https:\\\/\\\/www.instagram.com\\\/creditoup2025\\\/\"]}]}<\/script>\n<!-- \/ Yoast SEO plugin. -->","yoast_head_json":{"title":"Contacto - creditoup.com","robots":{"index":"index","follow":"follow","max-snippet":"max-snippet:-1","max-image-preview":"max-image-preview:large","max-video-preview":"max-video-preview:-1"},"canonical":"https:\/\/creditoup.com\/en\/contacto\/","og_locale":"en_US","og_type":"article","og_title":"Contacto - creditoup.com","og_description":"\u00a1Vamos a comenzar! Uno de nuestros representantes de CreditoUp se comunicar\u00e1 contigo muy pronto para brindarte la mejor recomendaci\u00f3n para reparar tu historial crediticio. \u2705 La consulta es 100% gratuita\u2705 Nuestro servicio es garantizado y transparente En CreditoUp, tu cr\u00e9dito s\u00ed tiene soluci\u00f3n. Estamos contigo en cada paso. Please enable JavaScript in your browser to complete this form.Please enable JavaScript in your browser to complete this form.Nombre *Email *Telefono *Mensaje Enviar","og_url":"https:\/\/creditoup.com\/en\/contacto\/","og_site_name":"creditoup.com","article_publisher":"https:\/\/www.facebook.com\/profile.php?id=61577253561452","article_modified_time":"2025-06-14T02:55:06+00:00","og_image":[{"url":"https:\/\/creditoup.com\/wp-content\/plugins\/wpforms-lite\/assets\/images\/submit-spin.svg","type":"","width":"","height":""}],"twitter_card":"summary_large_image","schema":{"@context":"https:\/\/schema.org","@graph":[{"@type":"WebPage","@id":"https:\/\/creditoup.com\/contacto\/","url":"https:\/\/creditoup.com\/contacto\/","name":"Contacto - creditoup.com","isPartOf":{"@id":"https:\/\/creditoup.com\/#website"},"primaryImageOfPage":{"@id":"https:\/\/creditoup.com\/contacto\/#primaryimage"},"image":{"@id":"https:\/\/creditoup.com\/contacto\/#primaryimage"},"thumbnailUrl":"https:\/\/creditoup.com\/wp-content\/plugins\/wpforms-lite\/assets\/images\/submit-spin.svg","datePublished":"2025-06-14T02:53:37+00:00","dateModified":"2025-06-14T02:55:06+00:00","breadcrumb":{"@id":"https:\/\/creditoup.com\/contacto\/#breadcrumb"},"inLanguage":"en-US","potentialAction":[{"@type":"ReadAction","target":["https:\/\/creditoup.com\/contacto\/"]}]},{"@type":"ImageObject","inLanguage":"en-US","@id":"https:\/\/creditoup.com\/contacto\/#primaryimage","url":"https:\/\/creditoup.com\/wp-content\/plugins\/wpforms-lite\/assets\/images\/submit-spin.svg","contentUrl":"https:\/\/creditoup.com\/wp-content\/plugins\/wpforms-lite\/assets\/images\/submit-spin.svg"},{"@type":"BreadcrumbList","@id":"https:\/\/creditoup.com\/contacto\/#breadcrumb","itemListElement":[{"@type":"ListItem","position":1,"name":"Home","item":"https:\/\/creditoup.com\/"},{"@type":"ListItem","position":2,"name":"Contacto"}]},{"@type":"WebSite","@id":"https:\/\/creditoup.com\/#website","url":"https:\/\/creditoup.com\/","name":"creditoup.com","description":"Soluciones confiables para mejorar tu cr\u00e9dito con CreditoUp.","publisher":{"@id":"https:\/\/creditoup.com\/#organization"},"potentialAction":[{"@type":"SearchAction","target":{"@type":"EntryPoint","urlTemplate":"https:\/\/creditoup.com\/?s={search_term_string}"},"query-input":{"@type":"PropertyValueSpecification","valueRequired":true,"valueName":"search_term_string"}}],"inLanguage":"en-US"},{"@type":"Organization","@id":"https:\/\/creditoup.com\/#organization","name":"CreditoUp","url":"https:\/\/creditoup.com\/","logo":{"@type":"ImageObject","inLanguage":"en-US","@id":"https:\/\/creditoup.com\/#\/schema\/logo\/image\/","url":"https:\/\/creditoup.com\/wp-content\/uploads\/2023\/07\/cropped-logo-png.png","contentUrl":"https:\/\/creditoup.com\/wp-content\/uploads\/2023\/07\/cropped-logo-png.png","width":524,"height":535,"caption":"CreditoUp"},"image":{"@id":"https:\/\/creditoup.com\/#\/schema\/logo\/image\/"},"sameAs":["https:\/\/www.facebook.com\/profile.php?id=61577253561452","https:\/\/www.instagram.com\/creditoup2025\/"]}]}},"_links":{"self":[{"href":"https:\/\/creditoup.com\/en\/wp-json\/wp\/v2\/pages\/753","targetHints":{"allow":["GET"]}}],"collection":[{"href":"https:\/\/creditoup.com\/en\/wp-json\/wp\/v2\/pages"}],"about":[{"href":"https:\/\/creditoup.com\/en\/wp-json\/wp\/v2\/types\/page"}],"author":[{"embeddable":true,"href":"https:\/\/creditoup.com\/en\/wp-json\/wp\/v2\/users\/1"}],"replies":[{"embeddable":true,"href":"https:\/\/creditoup.com\/en\/wp-json\/wp\/v2\/comments?post=753"}],"version-history":[{"count":4,"href":"https:\/\/creditoup.com\/en\/wp-json\/wp\/v2\/pages\/753\/revisions"}],"predecessor-version":[{"id":758,"href":"https:\/\/creditoup.com\/en\/wp-json\/wp\/v2\/pages\/753\/revisions\/758"}],"wp:attachment":[{"href":"https:\/\/creditoup.com\/en\/wp-json\/wp\/v2\/media?parent=753"}],"curies":[{"name":"wp","href":"https:\/\/api.w.org\/{rel}","templated":true}]}}